{"id":8952,"date":"2024-05-09T16:24:38","date_gmt":"2024-05-09T13:24:38","guid":{"rendered":"https:\/\/projektiburoo.ee\/building-permits\/"},"modified":"2024-05-13T12:28:19","modified_gmt":"2024-05-13T09:28:19","slug":"building-permits","status":"publish","type":"page","link":"https:\/\/projektiburoo.ee\/en\/building-permits\/","title":{"rendered":"Building permits"},"content":{"rendered":"\t\t<div data-elementor-type=\"wp-page\" data-elementor-id=\"8952\" class=\"elementor elementor-8952 elementor-8655\" data-elementor-post-type=\"page\">\n\t\t\t\t<div class=\"elementor-element elementor-element-664ac0d e-flex e-con-boxed e-con e-parent\" data-id=\"664ac0d\" data-element_type=\"container\" data-settings=\"{&quot;jet_parallax_layout_list&quot;:[]}\">\n\t\t\t\t\t<div class=\"e-con-inner\">\n\t\t<div class=\"elementor-element elementor-element-a293fe0 e-con-full e-flex e-con e-child\" data-id=\"a293fe0\" data-element_type=\"container\" data-settings=\"{&quot;jet_parallax_layout_list&quot;:[]}\">\n\t\t\t\t<div class=\"elementor-element elementor-element-e088084 elementor-widget elementor-widget-image\" data-id=\"e088084\" data-element_type=\"widget\" data-widget_type=\"image.default\">\n\t\t\t\t<div class=\"elementor-widget-container\">\n\t\t\t\t\t\t\t\t\t\t\t\t\t\t\t<img decoding=\"async\" width=\"1167\" height=\"28\" src=\"https:\/\/projektiburoo.ee\/wp-content\/uploads\/2023\/09\/projektiburoojoon-1.svg\" class=\"attachment-full size-full wp-image-6814\" alt=\"\" \/>\t\t\t\t\t\t\t\t\t\t\t\t\t\t\t<\/div>\n\t\t\t\t<\/div>\n\t\t<div class=\"elementor-element elementor-element-03acec8 e-con-full e-flex e-con e-child\" data-id=\"03acec8\" data-element_type=\"container\" data-settings=\"{&quot;jet_parallax_layout_list&quot;:[]}\">\n\t\t\t\t<div class=\"elementor-element elementor-element-3ce8f1b elementor-widget elementor-widget-heading\" data-id=\"3ce8f1b\" data-element_type=\"widget\" data-widget_type=\"heading.default\">\n\t\t\t\t<div class=\"elementor-widget-container\">\n\t\t\t\t\t<h1 class=\"elementor-heading-title elementor-size-default\">Building permits<\/h1>\t\t\t\t<\/div>\n\t\t\t\t<\/div>\n\t\t\t\t<div class=\"elementor-element elementor-element-dacc27c elementor-widget elementor-widget-text-editor\" data-id=\"dacc27c\" data-element_type=\"widget\" data-widget_type=\"text-editor.default\">\n\t\t\t\t<div class=\"elementor-widget-container\">\n\t\t\t\t\t\t\t\t\t<p>Olenemata sellest, kas olete eramaja omanik, v\u00e4ikeettev\u00f5tte esindaja v\u00f5i suur arendaja, oleme siin, et pakkuda teile professionaalset ja usaldusv\u00e4\u00e4rset abi ehituslubade taotlemisel.<\/p>\n<p>Meie eesm\u00e4rk on tagada, et ehitusprojekt saaks alata v\u00f5imalikult kiiresti ja sujuvalt, j\u00e4rgides samal ajal k\u00f5iki kohalikke ehitusm\u00e4\u00e4rusi ja n\u00f5udeid. Oleme valmis teid aitama l\u00e4bi kogu ehituslubade taotlemise protsessi, alustades esialgsest dokumentatsioonist kuni vajalike lubade saamiseni.<\/p>\n<p>M\u00f5istame, et iga projekt on erinev, seega pakume individuaalset l\u00e4henemist, mis vastab teie konkreetsetele vajadustele ja n\u00f5udmistele.<\/p>\n<p>Kui soovite rohkem teada saada meie teenuste kohta v\u00f5i alustada oma ehitusprojekti ettevalmistamist, v\u00f5tke meiega julgelt \u00fchendust. Oleme siin, et aidata teid iga sammu v\u00e4ltel ja tagada teie ehitusprotsessi sujuv kulgemine.<\/p>\n\t\t\t\t\t\t\t\t<\/div>\n\t\t\t\t<\/div>\n\t\t\t\t<div class=\"elementor-element elementor-element-8afcce2 elementor-widget elementor-widget-text-editor\" data-id=\"8afcce2\" data-element_type=\"widget\" data-widget_type=\"text-editor.default\">\n\t\t\t\t<div class=\"elementor-widget-container\">\n\t\t\t\t\t\t\t\t\t<p><span style=\"text-decoration: underline;\"><strong><a href=\"https:\/\/projektiburoo.ee\/en\/frequently-asked-questions\/\">Application process<\/a><br \/>\n<\/strong><\/span><\/p>\n<p><a href=\"https:\/\/projektiburoo.ee\/en\/frequently-asked-questions\/#ehitise-dokumendid\"><span style=\"text-decoration: underline;\"><strong>Ehitise dokumendid<\/strong><\/span><\/a><\/p>\n<p><a href=\"https:\/\/projektiburoo.ee\/en\/frequently-asked-questions\/#projektistaadiumid\"><span style=\"text-decoration: underline;\"><strong>Projektistaadiumid<\/strong><\/span><\/a><\/p>\n<p><a href=\"https:\/\/projektiburoo.ee\/en\/frequently-asked-questions\/#kkk\"><span style=\"text-decoration: underline;\"><strong>FAQ<\/strong><\/span><\/a><\/p>\n\t\t\t\t\t\t\t\t<\/div>\n\t\t\t\t<\/div>\n\t\t\t\t<div class=\"elementor-element elementor-element-708a1dd elementor-widget elementor-widget-button\" data-id=\"708a1dd\" data-element_type=\"widget\" data-widget_type=\"button.default\">\n\t\t\t\t<div class=\"elementor-widget-container\">\n\t\t\t\t\t\t\t\t\t<div class=\"elementor-button-wrapper\">\n\t\t\t\t\t<a class=\"elementor-button elementor-button-link elementor-size-sm\" href=\"#elementor-action%3Aaction%3Dpopup%3Aopen%26settings%3DeyJpZCI6ODk4MiwidG9nZ2xlIjpmYWxzZX0%3D\">\n\t\t\t\t\t\t<span class=\"elementor-button-content-wrapper\">\n\t\t\t\t\t\t\t\t\t<span class=\"elementor-button-text\">Ask for a quote<\/span>\n\t\t\t\t\t<\/span>\n\t\t\t\t\t<\/a>\n\t\t\t\t<\/div>\n\t\t\t\t\t\t\t\t<\/div>\n\t\t\t\t<\/div>\n\t\t\t\t<\/div>\n\t\t\t\t<\/div>\n\t\t<div class=\"elementor-element elementor-element-e191740 e-con-full e-flex e-con e-child\" data-id=\"e191740\" data-element_type=\"container\" data-settings=\"{&quot;background_background&quot;:&quot;classic&quot;,&quot;jet_parallax_layout_list&quot;:[]}\">\n\t\t\t\t<\/div>\n\t\t\t\t\t<\/div>\n\t\t\t\t<\/div>\n\t\t\t\t<\/div>\n\t\t","protected":false},"excerpt":{"rendered":"<p>Building permits Olenemata sellest, kas olete eramaja omanik, v\u00e4ikeettev\u00f5tte esindaja v\u00f5i suur arendaja, oleme siin, et pakkuda teile professionaalset ja usaldusv\u00e4\u00e4rset abi ehituslubade taotlemisel. Meie eesm\u00e4rk on tagada, et ehitusprojekt saaks alata v\u00f5imalikult kiiresti ja sujuvalt, j\u00e4rgides samal ajal k\u00f5iki kohalikke ehitusm\u00e4\u00e4rusi ja n\u00f5udeid. Oleme valmis teid aitama l\u00e4bi kogu ehituslubade taotlemise protsessi, alustades esialgsest [&hellip;]<\/p>\n","protected":false},"author":4,"featured_media":0,"parent":0,"menu_order":0,"comment_status":"closed","ping_status":"closed","template":"","meta":{"footnotes":""},"class_list":["post-8952","page","type-page","status-publish","hentry"],"yoast_head":"<!-- This site is optimized with the Yoast SEO plugin v24.6 - https:\/\/yoast.com\/wordpress\/plugins\/seo\/ -->\n<title>Building permits - Projektib&uuml;roo<\/title>\n<meta name=\"robots\" content=\"index, follow, max-snippet:-1, max-image-preview:large, max-video-preview:-1\" \/>\n<link rel=\"canonical\" href=\"https:\/\/projektiburoo.ee\/ehitusload\/\" \/>\n<meta property=\"og:locale\" content=\"en_US\" \/>\n<meta property=\"og:type\" content=\"article\" \/>\n<meta property=\"og:title\" content=\"Building permits - Projektib&uuml;roo\" \/>\n<meta property=\"og:description\" content=\"Building permits Olenemata sellest, kas olete eramaja omanik, v\u00e4ikeettev\u00f5tte esindaja v\u00f5i suur arendaja, oleme siin, et pakkuda teile professionaalset ja usaldusv\u00e4\u00e4rset abi ehituslubade taotlemisel. Meie eesm\u00e4rk on tagada, et ehitusprojekt saaks alata v\u00f5imalikult kiiresti ja sujuvalt, j\u00e4rgides samal ajal k\u00f5iki kohalikke ehitusm\u00e4\u00e4rusi ja n\u00f5udeid. Oleme valmis teid aitama l\u00e4bi kogu ehituslubade taotlemise protsessi, alustades esialgsest [&hellip;]\" \/>\n<meta property=\"og:url\" content=\"https:\/\/projektiburoo.ee\/ehitusload\/\" \/>\n<meta property=\"og:site_name\" content=\"Projektib&uuml;roo\" \/>\n<meta property=\"article:publisher\" content=\"https:\/\/www.facebook.com\/projektiburoo\/\" \/>\n<meta property=\"article:modified_time\" content=\"2024-05-13T09:28:19+00:00\" \/>\n<meta property=\"og:image\" content=\"https:\/\/projektiburoo.ee\/wp-content\/uploads\/2023\/09\/projektiburoojoon-1.svg\" \/>\n<meta name=\"twitter:card\" content=\"summary_large_image\" \/>\n<meta name=\"twitter:label1\" content=\"Est. reading time\" \/>\n\t<meta name=\"twitter:data1\" content=\"1 minute\" \/>\n<script type=\"application\/ld+json\" class=\"yoast-schema-graph\">{\"@context\":\"https:\/\/schema.org\",\"@graph\":[{\"@type\":\"WebPage\",\"@id\":\"https:\/\/projektiburoo.ee\/ehitusload\/\",\"url\":\"https:\/\/projektiburoo.ee\/ehitusload\/\",\"name\":\"Building permits - Projektib&uuml;roo\",\"isPartOf\":{\"@id\":\"https:\/\/projektiburoo.ee\/#website\"},\"primaryImageOfPage\":{\"@id\":\"https:\/\/projektiburoo.ee\/ehitusload\/#primaryimage\"},\"image\":{\"@id\":\"https:\/\/projektiburoo.ee\/ehitusload\/#primaryimage\"},\"thumbnailUrl\":\"https:\/\/projektiburoo.ee\/wp-content\/uploads\/2023\/09\/projektiburoojoon-1.svg\",\"datePublished\":\"2024-05-09T13:24:38+00:00\",\"dateModified\":\"2024-05-13T09:28:19+00:00\",\"breadcrumb\":{\"@id\":\"https:\/\/projektiburoo.ee\/ehitusload\/#breadcrumb\"},\"inLanguage\":\"en-US\",\"potentialAction\":[{\"@type\":\"ReadAction\",\"target\":[\"https:\/\/projektiburoo.ee\/ehitusload\/\"]}]},{\"@type\":\"ImageObject\",\"inLanguage\":\"en-US\",\"@id\":\"https:\/\/projektiburoo.ee\/ehitusload\/#primaryimage\",\"url\":\"https:\/\/projektiburoo.ee\/wp-content\/uploads\/2023\/09\/projektiburoojoon-1.svg\",\"contentUrl\":\"https:\/\/projektiburoo.ee\/wp-content\/uploads\/2023\/09\/projektiburoojoon-1.svg\"},{\"@type\":\"BreadcrumbList\",\"@id\":\"https:\/\/projektiburoo.ee\/ehitusload\/#breadcrumb\",\"itemListElement\":[{\"@type\":\"ListItem\",\"position\":1,\"name\":\"Home\",\"item\":\"https:\/\/projektiburoo.ee\/\"},{\"@type\":\"ListItem\",\"position\":2,\"name\":\"Building permits\"}]},{\"@type\":\"WebSite\",\"@id\":\"https:\/\/projektiburoo.ee\/#website\",\"url\":\"https:\/\/projektiburoo.ee\/\",\"name\":\"Projektib&uuml;roo\",\"description\":\"Kasutuslubade taotlemine - Ajame k&otilde;ik paberid korda\",\"publisher\":{\"@id\":\"https:\/\/projektiburoo.ee\/#organization\"},\"potentialAction\":[{\"@type\":\"SearchAction\",\"target\":{\"@type\":\"EntryPoint\",\"urlTemplate\":\"https:\/\/projektiburoo.ee\/?s={search_term_string}\"},\"query-input\":{\"@type\":\"PropertyValueSpecification\",\"valueRequired\":true,\"valueName\":\"search_term_string\"}}],\"inLanguage\":\"en-US\"},{\"@type\":\"Organization\",\"@id\":\"https:\/\/projektiburoo.ee\/#organization\",\"name\":\"Projektib\u00fcroo\",\"url\":\"https:\/\/projektiburoo.ee\/\",\"logo\":{\"@type\":\"ImageObject\",\"inLanguage\":\"en-US\",\"@id\":\"https:\/\/projektiburoo.ee\/#\/schema\/logo\/image\/\",\"url\":\"https:\/\/projektiburoo.ee\/wp-content\/uploads\/2023\/08\/Projektiburoo_logo_must-.png\",\"contentUrl\":\"https:\/\/projektiburoo.ee\/wp-content\/uploads\/2023\/08\/Projektiburoo_logo_must-.png\",\"width\":420,\"height\":167,\"caption\":\"Projektib\u00fcroo\"},\"image\":{\"@id\":\"https:\/\/projektiburoo.ee\/#\/schema\/logo\/image\/\"},\"sameAs\":[\"https:\/\/www.facebook.com\/projektiburoo\/\",\"https:\/\/www.linkedin.com\/company\/projektiburoo\/\"]}]}<\/script>\n<!-- \/ Yoast SEO plugin. -->","yoast_head_json":{"title":"Building permits - Projektib&uuml;roo","robots":{"index":"index","follow":"follow","max-snippet":"max-snippet:-1","max-image-preview":"max-image-preview:large","max-video-preview":"max-video-preview:-1"},"canonical":"https:\/\/projektiburoo.ee\/ehitusload\/","og_locale":"en_US","og_type":"article","og_title":"Building permits - Projektib&uuml;roo","og_description":"Building permits Olenemata sellest, kas olete eramaja omanik, v\u00e4ikeettev\u00f5tte esindaja v\u00f5i suur arendaja, oleme siin, et pakkuda teile professionaalset ja usaldusv\u00e4\u00e4rset abi ehituslubade taotlemisel. Meie eesm\u00e4rk on tagada, et ehitusprojekt saaks alata v\u00f5imalikult kiiresti ja sujuvalt, j\u00e4rgides samal ajal k\u00f5iki kohalikke ehitusm\u00e4\u00e4rusi ja n\u00f5udeid. Oleme valmis teid aitama l\u00e4bi kogu ehituslubade taotlemise protsessi, alustades esialgsest [&hellip;]","og_url":"https:\/\/projektiburoo.ee\/ehitusload\/","og_site_name":"Projektib&uuml;roo","article_publisher":"https:\/\/www.facebook.com\/projektiburoo\/","article_modified_time":"2024-05-13T09:28:19+00:00","og_image":[{"url":"https:\/\/projektiburoo.ee\/wp-content\/uploads\/2023\/09\/projektiburoojoon-1.svg","type":"","width":"","height":""}],"twitter_card":"summary_large_image","twitter_misc":{"Est. reading time":"1 minute"},"schema":{"@context":"https:\/\/schema.org","@graph":[{"@type":"WebPage","@id":"https:\/\/projektiburoo.ee\/ehitusload\/","url":"https:\/\/projektiburoo.ee\/ehitusload\/","name":"Building permits - Projektib&uuml;roo","isPartOf":{"@id":"https:\/\/projektiburoo.ee\/#website"},"primaryImageOfPage":{"@id":"https:\/\/projektiburoo.ee\/ehitusload\/#primaryimage"},"image":{"@id":"https:\/\/projektiburoo.ee\/ehitusload\/#primaryimage"},"thumbnailUrl":"https:\/\/projektiburoo.ee\/wp-content\/uploads\/2023\/09\/projektiburoojoon-1.svg","datePublished":"2024-05-09T13:24:38+00:00","dateModified":"2024-05-13T09:28:19+00:00","breadcrumb":{"@id":"https:\/\/projektiburoo.ee\/ehitusload\/#breadcrumb"},"inLanguage":"en-US","potentialAction":[{"@type":"ReadAction","target":["https:\/\/projektiburoo.ee\/ehitusload\/"]}]},{"@type":"ImageObject","inLanguage":"en-US","@id":"https:\/\/projektiburoo.ee\/ehitusload\/#primaryimage","url":"https:\/\/projektiburoo.ee\/wp-content\/uploads\/2023\/09\/projektiburoojoon-1.svg","contentUrl":"https:\/\/projektiburoo.ee\/wp-content\/uploads\/2023\/09\/projektiburoojoon-1.svg"},{"@type":"BreadcrumbList","@id":"https:\/\/projektiburoo.ee\/ehitusload\/#breadcrumb","itemListElement":[{"@type":"ListItem","position":1,"name":"Home","item":"https:\/\/projektiburoo.ee\/"},{"@type":"ListItem","position":2,"name":"Building permits"}]},{"@type":"WebSite","@id":"https:\/\/projektiburoo.ee\/#website","url":"https:\/\/projektiburoo.ee\/","name":"Projektib&uuml;roo","description":"Kasutuslubade taotlemine - Ajame k&otilde;ik paberid korda","publisher":{"@id":"https:\/\/projektiburoo.ee\/#organization"},"potentialAction":[{"@type":"SearchAction","target":{"@type":"EntryPoint","urlTemplate":"https:\/\/projektiburoo.ee\/?s={search_term_string}"},"query-input":{"@type":"PropertyValueSpecification","valueRequired":true,"valueName":"search_term_string"}}],"inLanguage":"en-US"},{"@type":"Organization","@id":"https:\/\/projektiburoo.ee\/#organization","name":"Projektib\u00fcroo","url":"https:\/\/projektiburoo.ee\/","logo":{"@type":"ImageObject","inLanguage":"en-US","@id":"https:\/\/projektiburoo.ee\/#\/schema\/logo\/image\/","url":"https:\/\/projektiburoo.ee\/wp-content\/uploads\/2023\/08\/Projektiburoo_logo_must-.png","contentUrl":"https:\/\/projektiburoo.ee\/wp-content\/uploads\/2023\/08\/Projektiburoo_logo_must-.png","width":420,"height":167,"caption":"Projektib\u00fcroo"},"image":{"@id":"https:\/\/projektiburoo.ee\/#\/schema\/logo\/image\/"},"sameAs":["https:\/\/www.facebook.com\/projektiburoo\/","https:\/\/www.linkedin.com\/company\/projektiburoo\/"]}]}},"_links":{"self":[{"href":"https:\/\/projektiburoo.ee\/en\/wp-json\/wp\/v2\/pages\/8952","targetHints":{"allow":["GET"]}}],"collection":[{"href":"https:\/\/projektiburoo.ee\/en\/wp-json\/wp\/v2\/pages"}],"about":[{"href":"https:\/\/projektiburoo.ee\/en\/wp-json\/wp\/v2\/types\/page"}],"author":[{"embeddable":true,"href":"https:\/\/projektiburoo.ee\/en\/wp-json\/wp\/v2\/users\/4"}],"replies":[{"embeddable":true,"href":"https:\/\/projektiburoo.ee\/en\/wp-json\/wp\/v2\/comments?post=8952"}],"version-history":[{"count":8,"href":"https:\/\/projektiburoo.ee\/en\/wp-json\/wp\/v2\/pages\/8952\/revisions"}],"predecessor-version":[{"id":9063,"href":"https:\/\/projektiburoo.ee\/en\/wp-json\/wp\/v2\/pages\/8952\/revisions\/9063"}],"wp:attachment":[{"href":"https:\/\/projektiburoo.ee\/en\/wp-json\/wp\/v2\/media?parent=8952"}],"curies":[{"name":"wp","href":"https:\/\/api.w.org\/{rel}","templated":true}]}}