{"id":7203,"date":"2023-05-09T06:25:54","date_gmt":"2023-05-09T03:25:54","guid":{"rendered":"https:\/\/projektiburoo.ee\/home-page\/"},"modified":"2024-05-16T10:14:50","modified_gmt":"2024-05-16T07:14:50","slug":"home-page","status":"publish","type":"page","link":"https:\/\/projektiburoo.ee\/en\/","title":{"rendered":"Home page"},"content":{"rendered":"\t\t<div data-elementor-type=\"wp-page\" data-elementor-id=\"7203\" class=\"elementor elementor-7203 elementor-176\" data-elementor-post-type=\"page\">\n\t\t\t\t<div class=\"elementor-element elementor-element-48ce77f e-con-full e-flex e-con e-parent\" data-id=\"48ce77f\" data-element_type=\"container\" data-settings=\"{&quot;jet_parallax_layout_list&quot;:[],&quot;position&quot;:&quot;fixed&quot;}\">\n\t\t<div class=\"elementor-element elementor-element-ea2a0d3 e-con-full e-flex e-con e-child\" data-id=\"ea2a0d3\" data-element_type=\"container\" data-settings=\"{&quot;jet_parallax_layout_list&quot;:[]}\">\n\t\t\t\t<div class=\"elementor-element elementor-element-d5cdd54 slider1 elementor--h-position-center elementor--v-position-middle elementor-pagination-position-inside elementor-widget elementor-widget-slides\" data-id=\"d5cdd54\" data-element_type=\"widget\" data-settings=\"{&quot;navigation&quot;:&quot;dots&quot;,&quot;autoplay_speed&quot;:3500,&quot;autoplay&quot;:&quot;yes&quot;,&quot;pause_on_hover&quot;:&quot;yes&quot;,&quot;pause_on_interaction&quot;:&quot;yes&quot;,&quot;infinite&quot;:&quot;yes&quot;,&quot;transition&quot;:&quot;slide&quot;,&quot;transition_speed&quot;:500}\" data-widget_type=\"slides.default\">\n\t\t\t\t<div class=\"elementor-widget-container\">\n\t\t\t\t\t\t\t\t\t<div class=\"elementor-swiper\">\n\t\t\t\t\t<div class=\"elementor-slides-wrapper elementor-main-swiper swiper\" role=\"region\" aria-roledescription=\"carousel\" aria-label=\"Slides\" dir=\"ltr\" data-animation=\"fadeInUp\">\n\t\t\t\t<div class=\"swiper-wrapper elementor-slides\">\n\t\t\t\t\t\t\t\t\t\t<div class=\"elementor-repeater-item-5f9b238 swiper-slide\" role=\"group\" aria-roledescription=\"slide\"><div class=\"swiper-slide-bg\" role=\"img\"><\/div><div class=\"swiper-slide-inner\" ><div class=\"swiper-slide-contents\"><\/div><\/div><\/div><div class=\"elementor-repeater-item-8b52960 swiper-slide\" role=\"group\" aria-roledescription=\"slide\"><div class=\"swiper-slide-bg\" role=\"img\"><\/div><div class=\"swiper-slide-inner\" ><div class=\"swiper-slide-contents\"><\/div><\/div><\/div><div class=\"elementor-repeater-item-e5d95b3 swiper-slide\" role=\"group\" aria-roledescription=\"slide\"><div class=\"swiper-slide-bg\" role=\"img\"><\/div><div class=\"swiper-slide-inner\" ><div class=\"swiper-slide-contents\"><\/div><\/div><\/div><div class=\"elementor-repeater-item-e87d8dd swiper-slide\" role=\"group\" aria-roledescription=\"slide\"><div class=\"swiper-slide-bg\" role=\"img\"><\/div><div class=\"swiper-slide-inner\" ><div class=\"swiper-slide-contents\"><\/div><\/div><\/div><div class=\"elementor-repeater-item-c52375c swiper-slide\" role=\"group\" aria-roledescription=\"slide\"><div class=\"swiper-slide-bg\" role=\"img\"><\/div><div class=\"swiper-slide-inner\" ><div class=\"swiper-slide-contents\"><\/div><\/div><\/div>\t\t\t\t<\/div>\n\t\t\t\t\t\t\t\t\t\t\t\t\t\t\t\t\t\t\t\t<div class=\"swiper-pagination\"><\/div>\n\t\t\t\t\t\t\t\t\t\t\t\t<\/div>\n\t\t\t\t<\/div>\n\t\t\t\t\t\t\t\t<\/div>\n\t\t\t\t<\/div>\n\t\t\t\t<div class=\"elementor-element elementor-element-75552d1 elementor-widget elementor-widget-html\" data-id=\"75552d1\" data-element_type=\"widget\" data-widget_type=\"html.default\">\n\t\t\t\t<div class=\"elementor-widget-container\">\n\t\t\t\t\t<script>\r\n(function(){\r\nlet parent = document.querySelector('.slider1 .elementor-slides');\r\nlet images = parent.children;\r\nlet frag = document.createDocumentFragment();\r\nwhile (images.length) {\r\nfrag.appendChild(images[Math.floor(Math.random() * images.length)]);\r\n}\r\nparent.appendChild(frag);\r\n}());\r\n<\/script>\r\n\t\t\t\t<\/div>\n\t\t\t\t<\/div>\n\t\t\t\t<\/div>\n\t\t\t\t<\/div>\n\t\t\t\t<\/div>\n\t\t","protected":false},"excerpt":{"rendered":"","protected":false},"author":5,"featured_media":0,"parent":0,"menu_order":0,"comment_status":"closed","ping_status":"closed","template":"elementor_header_footer","meta":{"footnotes":""},"class_list":["post-7203","page","type-page","status-publish","hentry"],"yoast_head":"<!-- This site is optimized with the Yoast SEO plugin v24.6 - https:\/\/yoast.com\/wordpress\/plugins\/seo\/ -->\n<title>Projektib\u00fcroo - Ajame k\u00f5ik paberid korda<\/title>\n<meta name=\"description\" content=\"Projektib\u00fcroo raudvara on suurte kogemustega spetsialistid, kes panevad paika t\u00f6\u00f6de p\u00f5hisuunad ning teostavad ranget kvaliteedikontrolli.\" \/>\n<meta name=\"robots\" content=\"index, follow, max-snippet:-1, max-image-preview:large, max-video-preview:-1\" \/>\n<link rel=\"canonical\" href=\"https:\/\/projektiburoo.ee\/\" \/>\n<meta property=\"og:locale\" content=\"en_US\" \/>\n<meta property=\"og:type\" content=\"article\" \/>\n<meta property=\"og:title\" content=\"Projektib\u00fcroo - Ajame k\u00f5ik paberid korda\" \/>\n<meta property=\"og:description\" content=\"Projektib\u00fcroo raudvara on suurte kogemustega spetsialistid, kes panevad paika t\u00f6\u00f6de p\u00f5hisuunad ning teostavad ranget kvaliteedikontrolli.\" \/>\n<meta property=\"og:url\" content=\"https:\/\/projektiburoo.ee\/\" \/>\n<meta property=\"og:site_name\" content=\"Projektib&uuml;roo\" \/>\n<meta property=\"article:publisher\" content=\"https:\/\/www.facebook.com\/projektiburoo\/\" \/>\n<meta property=\"article:modified_time\" content=\"2024-05-16T07:14:50+00:00\" \/>\n<meta name=\"twitter:card\" content=\"summary_large_image\" \/>\n<script type=\"application\/ld+json\" class=\"yoast-schema-graph\">{\"@context\":\"https:\/\/schema.org\",\"@graph\":[{\"@type\":\"WebPage\",\"@id\":\"https:\/\/projektiburoo.ee\/\",\"url\":\"https:\/\/projektiburoo.ee\/\",\"name\":\"Projektib\u00fcroo - Ajame k\u00f5ik paberid korda\",\"isPartOf\":{\"@id\":\"https:\/\/projektiburoo.ee\/#website\"},\"datePublished\":\"2023-05-09T03:25:54+00:00\",\"dateModified\":\"2024-05-16T07:14:50+00:00\",\"description\":\"Projektib\u00fcroo raudvara on suurte kogemustega spetsialistid, kes panevad paika t\u00f6\u00f6de p\u00f5hisuunad ning teostavad ranget kvaliteedikontrolli.\",\"breadcrumb\":{\"@id\":\"https:\/\/projektiburoo.ee\/#breadcrumb\"},\"inLanguage\":\"en-US\",\"potentialAction\":[{\"@type\":\"ReadAction\",\"target\":[\"https:\/\/projektiburoo.ee\/\"]}]},{\"@type\":\"BreadcrumbList\",\"@id\":\"https:\/\/projektiburoo.ee\/#breadcrumb\",\"itemListElement\":[{\"@type\":\"ListItem\",\"position\":1,\"name\":\"Home\",\"item\":\"https:\/\/projektiburoo.ee\/\"},{\"@type\":\"ListItem\",\"position\":2,\"name\":\"Home page\"}]},{\"@type\":\"WebSite\",\"@id\":\"https:\/\/projektiburoo.ee\/#website\",\"url\":\"https:\/\/projektiburoo.ee\/\",\"name\":\"Projektib&uuml;roo\",\"description\":\"Kasutuslubade taotlemine - Ajame k&otilde;ik paberid korda\",\"publisher\":{\"@id\":\"https:\/\/projektiburoo.ee\/#organization\"},\"potentialAction\":[{\"@type\":\"SearchAction\",\"target\":{\"@type\":\"EntryPoint\",\"urlTemplate\":\"https:\/\/projektiburoo.ee\/?s={search_term_string}\"},\"query-input\":{\"@type\":\"PropertyValueSpecification\",\"valueRequired\":true,\"valueName\":\"search_term_string\"}}],\"inLanguage\":\"en-US\"},{\"@type\":\"Organization\",\"@id\":\"https:\/\/projektiburoo.ee\/#organization\",\"name\":\"Projektib\u00fcroo\",\"url\":\"https:\/\/projektiburoo.ee\/\",\"logo\":{\"@type\":\"ImageObject\",\"inLanguage\":\"en-US\",\"@id\":\"https:\/\/projektiburoo.ee\/#\/schema\/logo\/image\/\",\"url\":\"https:\/\/projektiburoo.ee\/wp-content\/uploads\/2023\/08\/Projektiburoo_logo_must-.png\",\"contentUrl\":\"https:\/\/projektiburoo.ee\/wp-content\/uploads\/2023\/08\/Projektiburoo_logo_must-.png\",\"width\":420,\"height\":167,\"caption\":\"Projektib\u00fcroo\"},\"image\":{\"@id\":\"https:\/\/projektiburoo.ee\/#\/schema\/logo\/image\/\"},\"sameAs\":[\"https:\/\/www.facebook.com\/projektiburoo\/\",\"https:\/\/www.linkedin.com\/company\/projektiburoo\/\"]}]}<\/script>\n<!-- \/ Yoast SEO plugin. -->","yoast_head_json":{"title":"Projektib\u00fcroo - Ajame k\u00f5ik paberid korda","description":"Projektib\u00fcroo raudvara on suurte kogemustega spetsialistid, kes panevad paika t\u00f6\u00f6de p\u00f5hisuunad ning teostavad ranget kvaliteedikontrolli.","robots":{"index":"index","follow":"follow","max-snippet":"max-snippet:-1","max-image-preview":"max-image-preview:large","max-video-preview":"max-video-preview:-1"},"canonical":"https:\/\/projektiburoo.ee\/","og_locale":"en_US","og_type":"article","og_title":"Projektib\u00fcroo - Ajame k\u00f5ik paberid korda","og_description":"Projektib\u00fcroo raudvara on suurte kogemustega spetsialistid, kes panevad paika t\u00f6\u00f6de p\u00f5hisuunad ning teostavad ranget kvaliteedikontrolli.","og_url":"https:\/\/projektiburoo.ee\/","og_site_name":"Projektib&uuml;roo","article_publisher":"https:\/\/www.facebook.com\/projektiburoo\/","article_modified_time":"2024-05-16T07:14:50+00:00","twitter_card":"summary_large_image","schema":{"@context":"https:\/\/schema.org","@graph":[{"@type":"WebPage","@id":"https:\/\/projektiburoo.ee\/","url":"https:\/\/projektiburoo.ee\/","name":"Projektib\u00fcroo - Ajame k\u00f5ik paberid korda","isPartOf":{"@id":"https:\/\/projektiburoo.ee\/#website"},"datePublished":"2023-05-09T03:25:54+00:00","dateModified":"2024-05-16T07:14:50+00:00","description":"Projektib\u00fcroo raudvara on suurte kogemustega spetsialistid, kes panevad paika t\u00f6\u00f6de p\u00f5hisuunad ning teostavad ranget kvaliteedikontrolli.","breadcrumb":{"@id":"https:\/\/projektiburoo.ee\/#breadcrumb"},"inLanguage":"en-US","potentialAction":[{"@type":"ReadAction","target":["https:\/\/projektiburoo.ee\/"]}]},{"@type":"BreadcrumbList","@id":"https:\/\/projektiburoo.ee\/#breadcrumb","itemListElement":[{"@type":"ListItem","position":1,"name":"Home","item":"https:\/\/projektiburoo.ee\/"},{"@type":"ListItem","position":2,"name":"Home page"}]},{"@type":"WebSite","@id":"https:\/\/projektiburoo.ee\/#website","url":"https:\/\/projektiburoo.ee\/","name":"Projektib&uuml;roo","description":"Kasutuslubade taotlemine - Ajame k&otilde;ik paberid korda","publisher":{"@id":"https:\/\/projektiburoo.ee\/#organization"},"potentialAction":[{"@type":"SearchAction","target":{"@type":"EntryPoint","urlTemplate":"https:\/\/projektiburoo.ee\/?s={search_term_string}"},"query-input":{"@type":"PropertyValueSpecification","valueRequired":true,"valueName":"search_term_string"}}],"inLanguage":"en-US"},{"@type":"Organization","@id":"https:\/\/projektiburoo.ee\/#organization","name":"Projektib\u00fcroo","url":"https:\/\/projektiburoo.ee\/","logo":{"@type":"ImageObject","inLanguage":"en-US","@id":"https:\/\/projektiburoo.ee\/#\/schema\/logo\/image\/","url":"https:\/\/projektiburoo.ee\/wp-content\/uploads\/2023\/08\/Projektiburoo_logo_must-.png","contentUrl":"https:\/\/projektiburoo.ee\/wp-content\/uploads\/2023\/08\/Projektiburoo_logo_must-.png","width":420,"height":167,"caption":"Projektib\u00fcroo"},"image":{"@id":"https:\/\/projektiburoo.ee\/#\/schema\/logo\/image\/"},"sameAs":["https:\/\/www.facebook.com\/projektiburoo\/","https:\/\/www.linkedin.com\/company\/projektiburoo\/"]}]}},"_links":{"self":[{"href":"https:\/\/projektiburoo.ee\/en\/wp-json\/wp\/v2\/pages\/7203","targetHints":{"allow":["GET"]}}],"collection":[{"href":"https:\/\/projektiburoo.ee\/en\/wp-json\/wp\/v2\/pages"}],"about":[{"href":"https:\/\/projektiburoo.ee\/en\/wp-json\/wp\/v2\/types\/page"}],"author":[{"embeddable":true,"href":"https:\/\/projektiburoo.ee\/en\/wp-json\/wp\/v2\/users\/5"}],"replies":[{"embeddable":true,"href":"https:\/\/projektiburoo.ee\/en\/wp-json\/wp\/v2\/comments?post=7203"}],"version-history":[{"count":2,"href":"https:\/\/projektiburoo.ee\/en\/wp-json\/wp\/v2\/pages\/7203\/revisions"}],"predecessor-version":[{"id":9073,"href":"https:\/\/projektiburoo.ee\/en\/wp-json\/wp\/v2\/pages\/7203\/revisions\/9073"}],"wp:attachment":[{"href":"https:\/\/projektiburoo.ee\/en\/wp-json\/wp\/v2\/media?parent=7203"}],"curies":[{"name":"wp","href":"https:\/\/api.w.org\/{rel}","templated":true}]}}