{"id":7116,"date":"2023-09-13T13:23:08","date_gmt":"2023-09-13T10:23:08","guid":{"rendered":"https:\/\/projektiburoo.ee\/construction-supervision-by-owner-and-consultation\/"},"modified":"2025-04-30T09:55:25","modified_gmt":"2025-04-30T06:55:25","slug":"construction-supervision-by-owner-and-consultation","status":"publish","type":"page","link":"https:\/\/projektiburoo.ee\/en\/construction-supervision-by-owner-and-consultation\/","title":{"rendered":"Construction supervision by owner and consultation"},"content":{"rendered":"\t\t<div data-elementor-type=\"wp-page\" data-elementor-id=\"7116\" class=\"elementor elementor-7116 elementor-3894\" data-elementor-post-type=\"page\">\n\t\t\t\t<div class=\"elementor-element elementor-element-08d37d5 e-flex e-con-boxed e-con e-parent\" data-id=\"08d37d5\" data-element_type=\"container\" data-settings=\"{&quot;jet_parallax_layout_list&quot;:[]}\">\n\t\t\t\t\t<div class=\"e-con-inner\">\n\t\t<div class=\"elementor-element elementor-element-336e679 e-con-full e-flex e-con e-child\" data-id=\"336e679\" data-element_type=\"container\" data-settings=\"{&quot;jet_parallax_layout_list&quot;:[]}\">\n\t\t\t\t<div class=\"elementor-element elementor-element-07575a7 elementor-widget elementor-widget-image\" data-id=\"07575a7\" data-element_type=\"widget\" data-widget_type=\"image.default\">\n\t\t\t\t<div class=\"elementor-widget-container\">\n\t\t\t\t\t\t\t\t\t\t\t\t\t\t\t<img decoding=\"async\" width=\"1167\" height=\"28\" src=\"https:\/\/projektiburoo.ee\/wp-content\/uploads\/2023\/09\/projektiburoojoon-1.svg\" class=\"attachment-full size-full wp-image-6814\" alt=\"\" \/>\t\t\t\t\t\t\t\t\t\t\t\t\t\t\t<\/div>\n\t\t\t\t<\/div>\n\t\t<div class=\"elementor-element elementor-element-f85b999 e-con-full e-flex e-con e-child\" data-id=\"f85b999\" data-element_type=\"container\" data-settings=\"{&quot;jet_parallax_layout_list&quot;:[]}\">\n\t\t\t\t<div class=\"elementor-element elementor-element-e3d73a3 elementor-widget elementor-widget-heading\" data-id=\"e3d73a3\" data-element_type=\"widget\" data-widget_type=\"heading.default\">\n\t\t\t\t<div class=\"elementor-widget-container\">\n\t\t\t\t\t<h2 class=\"elementor-heading-title elementor-size-default\">Construction supervision by owner<\/h2>\t\t\t\t<\/div>\n\t\t\t\t<\/div>\n\t\t\t\t<div class=\"elementor-element elementor-element-6e7ba6e elementor-widget elementor-widget-text-editor\" data-id=\"6e7ba6e\" data-element_type=\"widget\" data-widget_type=\"text-editor.default\">\n\t\t\t\t<div class=\"elementor-widget-container\">\n\t\t\t\t\t\t\t\t\t<p>The main objective of the construction supervision by owner service is to check the building work\u2019s compliance with the design documentation and ensure that the construction is in accordance with standard documents and laws.<\/p><p>Our service also includes construction consultation for the client. Our competent and experienced engineers contribute to the high-quality completion of the construction work.<\/p><p>Competencies of the services offered by Projektib\u00fcroo J\u00e4relevalve O\u00dc:<\/p><ul><li>Construction supervision by owner of general construction work<\/li><li>Construction supervision by owner of water supply and sewerage construction work<\/li><li>Construction supervision by owner of heating, cooling and ventilation construction work<\/li><li>Construction supervision by owner of electricity, automation and low current work<\/li><li>Construction supervision by owner of utility networks and facilities<\/li><li>Construction supervision by owner of road construction work and landscaping<\/li><li>Construction supervision by owner of heat supply and district cooling<\/li><li>Owner supervision of fire safety<\/li><li>Construction supervision by owner of heritage conservation sites<\/li><li>Construction supervision by owner of civil engineering and water construction work.<\/li><\/ul>\t\t\t\t\t\t\t\t<\/div>\n\t\t\t\t<\/div>\n\t\t\t\t<\/div>\n\t\t\t\t<\/div>\n\t\t<div class=\"elementor-element elementor-element-73f067f e-con-full e-flex e-con e-child\" data-id=\"73f067f\" data-element_type=\"container\" data-settings=\"{&quot;background_background&quot;:&quot;classic&quot;,&quot;jet_parallax_layout_list&quot;:[]}\">\n\t\t\t\t<\/div>\n\t\t\t\t\t<\/div>\n\t\t\t\t<\/div>\n\t\t<div class=\"elementor-element elementor-element-5be3d5f e-flex e-con-boxed e-con e-parent\" data-id=\"5be3d5f\" data-element_type=\"container\" data-settings=\"{&quot;jet_parallax_layout_list&quot;:[]}\">\n\t\t\t\t\t<div class=\"e-con-inner\">\n\t\t<div class=\"elementor-element elementor-element-3aded32 e-con-full e-flex e-con e-child\" data-id=\"3aded32\" data-element_type=\"container\" id=\"konsultatsioon\" data-settings=\"{&quot;jet_parallax_layout_list&quot;:[]}\">\n\t\t\t\t<div class=\"elementor-element elementor-element-b7fb37a elementor-widget elementor-widget-image\" data-id=\"b7fb37a\" data-element_type=\"widget\" data-widget_type=\"image.default\">\n\t\t\t\t<div class=\"elementor-widget-container\">\n\t\t\t\t\t\t\t\t\t\t\t\t\t\t\t<img decoding=\"async\" width=\"1167\" height=\"28\" src=\"https:\/\/projektiburoo.ee\/wp-content\/uploads\/2023\/09\/projektiburoojoon-1.svg\" class=\"attachment-full size-full wp-image-6814\" alt=\"\" \/>\t\t\t\t\t\t\t\t\t\t\t\t\t\t\t<\/div>\n\t\t\t\t<\/div>\n\t\t\t\t<\/div>\n\t\t\t\t\t<\/div>\n\t\t\t\t<\/div>\n\t\t<div class=\"elementor-element elementor-element-6107b1a e-flex e-con-boxed e-con e-parent\" data-id=\"6107b1a\" data-element_type=\"container\" data-settings=\"{&quot;jet_parallax_layout_list&quot;:[]}\">\n\t\t\t\t\t<div class=\"e-con-inner\">\n\t\t<div class=\"elementor-element elementor-element-3d52327 e-flex e-con-boxed e-con e-child\" data-id=\"3d52327\" data-element_type=\"container\" data-settings=\"{&quot;jet_parallax_layout_list&quot;:[]}\">\n\t\t\t\t\t<div class=\"e-con-inner\">\n\t\t\t\t<div class=\"elementor-element elementor-element-438b163 elementor-widget elementor-widget-heading\" data-id=\"438b163\" data-element_type=\"widget\" data-widget_type=\"heading.default\">\n\t\t\t\t<div class=\"elementor-widget-container\">\n\t\t\t\t\t<h2 class=\"elementor-heading-title elementor-size-default\">Consultation<\/h2>\t\t\t\t<\/div>\n\t\t\t\t<\/div>\n\t\t\t\t<div class=\"elementor-element elementor-element-b9e21ca elementor-widget elementor-widget-text-editor\" data-id=\"b9e21ca\" data-element_type=\"widget\" data-widget_type=\"text-editor.default\">\n\t\t\t\t<div class=\"elementor-widget-container\">\n\t\t\t\t\t\t\t\t\t<p>The service consists of representing the customer from the planning of the construction to its completion.<\/p><p>In collaboration with construction specialists, the building\u2019s design phase is planned, and the client\u2019s representative manages the construction of the building or civil engineering work throughout the project.<\/p><p>Our services:<\/p><ul><li>Construction consultations during the planning phase of buildings<\/li><li><span style=\"text-decoration: underline;\"><a href=\"https:\/\/projektiburoo.ee\/en\/main-design\/\">Design project management<\/a><\/span><\/li><li><span style=\"text-decoration: underline;\"><a href=\"https:\/\/projektiburoo.ee\/en\/expert-assessments\/\">Expert assessment of construction design documents<\/a><\/span><\/li><li>Organisation of construction procurements and consultation on concluding construction contracts<\/li><li>Representation of the client during construction<\/li><li>Construction audits\u00a0<\/li><li>Technical consultant KredEx<\/li><li>Construction supervision by owner FIDIC<\/li><li>Pre-purchase inspection and checking of property<\/li><li>Consultation on construction contracts<\/li><\/ul>\t\t\t\t\t\t\t\t<\/div>\n\t\t\t\t<\/div>\n\t\t\t\t\t<\/div>\n\t\t\t\t<\/div>\n\t\t\t\t\t<\/div>\n\t\t\t\t<\/div>\n\t\t\t\t<\/div>\n\t\t","protected":false},"excerpt":{"rendered":"<p>Construction supervision by owner The main objective of the construction supervision by owner service is to check the building work\u2019s compliance with the design documentation and ensure that the construction is in accordance with standard documents and laws. Our service also includes construction consultation for the client. Our competent and experienced engineers contribute to the [&hellip;]<\/p>\n","protected":false},"author":4,"featured_media":0,"parent":0,"menu_order":0,"comment_status":"closed","ping_status":"closed","template":"","meta":{"footnotes":""},"class_list":["post-7116","page","type-page","status-publish","hentry"],"yoast_head":"<!-- This site is optimized with the Yoast SEO plugin v24.6 - https:\/\/yoast.com\/wordpress\/plugins\/seo\/ -->\n<title>Construction supervision by owner and consultation - Projektib&uuml;roo<\/title>\n<meta name=\"robots\" content=\"index, follow, max-snippet:-1, max-image-preview:large, max-video-preview:-1\" \/>\n<link rel=\"canonical\" href=\"https:\/\/projektiburoo.ee\/omanikujarelevalve-ja-konsultatsioon\/\" \/>\n<meta property=\"og:locale\" content=\"en_US\" \/>\n<meta property=\"og:type\" content=\"article\" \/>\n<meta property=\"og:title\" content=\"Construction supervision by owner and consultation - Projektib&uuml;roo\" \/>\n<meta property=\"og:description\" content=\"Construction supervision by owner The main objective of the construction supervision by owner service is to check the building work\u2019s compliance with the design documentation and ensure that the construction is in accordance with standard documents and laws. Our service also includes construction consultation for the client. Our competent and experienced engineers contribute to the [&hellip;]\" \/>\n<meta property=\"og:url\" content=\"https:\/\/projektiburoo.ee\/omanikujarelevalve-ja-konsultatsioon\/\" \/>\n<meta property=\"og:site_name\" content=\"Projektib&uuml;roo\" \/>\n<meta property=\"article:publisher\" content=\"https:\/\/www.facebook.com\/projektiburoo\/\" \/>\n<meta property=\"article:modified_time\" content=\"2025-04-30T06:55:25+00:00\" \/>\n<meta name=\"twitter:card\" content=\"summary_large_image\" \/>\n<meta name=\"twitter:label1\" content=\"Est. reading time\" \/>\n\t<meta name=\"twitter:data1\" content=\"2 minutes\" \/>\n<script type=\"application\/ld+json\" class=\"yoast-schema-graph\">{\"@context\":\"https:\/\/schema.org\",\"@graph\":[{\"@type\":\"WebPage\",\"@id\":\"https:\/\/projektiburoo.ee\/omanikujarelevalve-ja-konsultatsioon\/\",\"url\":\"https:\/\/projektiburoo.ee\/omanikujarelevalve-ja-konsultatsioon\/\",\"name\":\"Construction supervision by owner and consultation - Projektib&uuml;roo\",\"isPartOf\":{\"@id\":\"https:\/\/projektiburoo.ee\/#website\"},\"primaryImageOfPage\":{\"@id\":\"https:\/\/projektiburoo.ee\/omanikujarelevalve-ja-konsultatsioon\/#primaryimage\"},\"image\":{\"@id\":\"https:\/\/projektiburoo.ee\/omanikujarelevalve-ja-konsultatsioon\/#primaryimage\"},\"thumbnailUrl\":\"https:\/\/projektiburoo.ee\/wp-content\/uploads\/2023\/09\/projektiburoojoon-1.svg\",\"datePublished\":\"2023-09-13T10:23:08+00:00\",\"dateModified\":\"2025-04-30T06:55:25+00:00\",\"breadcrumb\":{\"@id\":\"https:\/\/projektiburoo.ee\/omanikujarelevalve-ja-konsultatsioon\/#breadcrumb\"},\"inLanguage\":\"en-US\",\"potentialAction\":[{\"@type\":\"ReadAction\",\"target\":[\"https:\/\/projektiburoo.ee\/omanikujarelevalve-ja-konsultatsioon\/\"]}]},{\"@type\":\"ImageObject\",\"inLanguage\":\"en-US\",\"@id\":\"https:\/\/projektiburoo.ee\/omanikujarelevalve-ja-konsultatsioon\/#primaryimage\",\"url\":\"https:\/\/projektiburoo.ee\/wp-content\/uploads\/2023\/09\/projektiburoojoon-1.svg\",\"contentUrl\":\"https:\/\/projektiburoo.ee\/wp-content\/uploads\/2023\/09\/projektiburoojoon-1.svg\"},{\"@type\":\"BreadcrumbList\",\"@id\":\"https:\/\/projektiburoo.ee\/omanikujarelevalve-ja-konsultatsioon\/#breadcrumb\",\"itemListElement\":[{\"@type\":\"ListItem\",\"position\":1,\"name\":\"Home\",\"item\":\"https:\/\/projektiburoo.ee\/\"},{\"@type\":\"ListItem\",\"position\":2,\"name\":\"Construction supervision by owner and consultation\"}]},{\"@type\":\"WebSite\",\"@id\":\"https:\/\/projektiburoo.ee\/#website\",\"url\":\"https:\/\/projektiburoo.ee\/\",\"name\":\"Projektib&uuml;roo\",\"description\":\"Kasutuslubade taotlemine - Ajame k&otilde;ik paberid korda\",\"publisher\":{\"@id\":\"https:\/\/projektiburoo.ee\/#organization\"},\"potentialAction\":[{\"@type\":\"SearchAction\",\"target\":{\"@type\":\"EntryPoint\",\"urlTemplate\":\"https:\/\/projektiburoo.ee\/?s={search_term_string}\"},\"query-input\":{\"@type\":\"PropertyValueSpecification\",\"valueRequired\":true,\"valueName\":\"search_term_string\"}}],\"inLanguage\":\"en-US\"},{\"@type\":\"Organization\",\"@id\":\"https:\/\/projektiburoo.ee\/#organization\",\"name\":\"Projektib\u00fcroo\",\"url\":\"https:\/\/projektiburoo.ee\/\",\"logo\":{\"@type\":\"ImageObject\",\"inLanguage\":\"en-US\",\"@id\":\"https:\/\/projektiburoo.ee\/#\/schema\/logo\/image\/\",\"url\":\"https:\/\/projektiburoo.ee\/wp-content\/uploads\/2023\/08\/Projektiburoo_logo_must-.png\",\"contentUrl\":\"https:\/\/projektiburoo.ee\/wp-content\/uploads\/2023\/08\/Projektiburoo_logo_must-.png\",\"width\":420,\"height\":167,\"caption\":\"Projektib\u00fcroo\"},\"image\":{\"@id\":\"https:\/\/projektiburoo.ee\/#\/schema\/logo\/image\/\"},\"sameAs\":[\"https:\/\/www.facebook.com\/projektiburoo\/\",\"https:\/\/www.linkedin.com\/company\/projektiburoo\/\"]}]}<\/script>\n<!-- \/ Yoast SEO plugin. -->","yoast_head_json":{"title":"Construction supervision by owner and consultation - Projektib&uuml;roo","robots":{"index":"index","follow":"follow","max-snippet":"max-snippet:-1","max-image-preview":"max-image-preview:large","max-video-preview":"max-video-preview:-1"},"canonical":"https:\/\/projektiburoo.ee\/omanikujarelevalve-ja-konsultatsioon\/","og_locale":"en_US","og_type":"article","og_title":"Construction supervision by owner and consultation - Projektib&uuml;roo","og_description":"Construction supervision by owner The main objective of the construction supervision by owner service is to check the building work\u2019s compliance with the design documentation and ensure that the construction is in accordance with standard documents and laws. Our service also includes construction consultation for the client. Our competent and experienced engineers contribute to the [&hellip;]","og_url":"https:\/\/projektiburoo.ee\/omanikujarelevalve-ja-konsultatsioon\/","og_site_name":"Projektib&uuml;roo","article_publisher":"https:\/\/www.facebook.com\/projektiburoo\/","article_modified_time":"2025-04-30T06:55:25+00:00","twitter_card":"summary_large_image","twitter_misc":{"Est. reading time":"2 minutes"},"schema":{"@context":"https:\/\/schema.org","@graph":[{"@type":"WebPage","@id":"https:\/\/projektiburoo.ee\/omanikujarelevalve-ja-konsultatsioon\/","url":"https:\/\/projektiburoo.ee\/omanikujarelevalve-ja-konsultatsioon\/","name":"Construction supervision by owner and consultation - Projektib&uuml;roo","isPartOf":{"@id":"https:\/\/projektiburoo.ee\/#website"},"primaryImageOfPage":{"@id":"https:\/\/projektiburoo.ee\/omanikujarelevalve-ja-konsultatsioon\/#primaryimage"},"image":{"@id":"https:\/\/projektiburoo.ee\/omanikujarelevalve-ja-konsultatsioon\/#primaryimage"},"thumbnailUrl":"https:\/\/projektiburoo.ee\/wp-content\/uploads\/2023\/09\/projektiburoojoon-1.svg","datePublished":"2023-09-13T10:23:08+00:00","dateModified":"2025-04-30T06:55:25+00:00","breadcrumb":{"@id":"https:\/\/projektiburoo.ee\/omanikujarelevalve-ja-konsultatsioon\/#breadcrumb"},"inLanguage":"en-US","potentialAction":[{"@type":"ReadAction","target":["https:\/\/projektiburoo.ee\/omanikujarelevalve-ja-konsultatsioon\/"]}]},{"@type":"ImageObject","inLanguage":"en-US","@id":"https:\/\/projektiburoo.ee\/omanikujarelevalve-ja-konsultatsioon\/#primaryimage","url":"https:\/\/projektiburoo.ee\/wp-content\/uploads\/2023\/09\/projektiburoojoon-1.svg","contentUrl":"https:\/\/projektiburoo.ee\/wp-content\/uploads\/2023\/09\/projektiburoojoon-1.svg"},{"@type":"BreadcrumbList","@id":"https:\/\/projektiburoo.ee\/omanikujarelevalve-ja-konsultatsioon\/#breadcrumb","itemListElement":[{"@type":"ListItem","position":1,"name":"Home","item":"https:\/\/projektiburoo.ee\/"},{"@type":"ListItem","position":2,"name":"Construction supervision by owner and consultation"}]},{"@type":"WebSite","@id":"https:\/\/projektiburoo.ee\/#website","url":"https:\/\/projektiburoo.ee\/","name":"Projektib&uuml;roo","description":"Kasutuslubade taotlemine - Ajame k&otilde;ik paberid korda","publisher":{"@id":"https:\/\/projektiburoo.ee\/#organization"},"potentialAction":[{"@type":"SearchAction","target":{"@type":"EntryPoint","urlTemplate":"https:\/\/projektiburoo.ee\/?s={search_term_string}"},"query-input":{"@type":"PropertyValueSpecification","valueRequired":true,"valueName":"search_term_string"}}],"inLanguage":"en-US"},{"@type":"Organization","@id":"https:\/\/projektiburoo.ee\/#organization","name":"Projektib\u00fcroo","url":"https:\/\/projektiburoo.ee\/","logo":{"@type":"ImageObject","inLanguage":"en-US","@id":"https:\/\/projektiburoo.ee\/#\/schema\/logo\/image\/","url":"https:\/\/projektiburoo.ee\/wp-content\/uploads\/2023\/08\/Projektiburoo_logo_must-.png","contentUrl":"https:\/\/projektiburoo.ee\/wp-content\/uploads\/2023\/08\/Projektiburoo_logo_must-.png","width":420,"height":167,"caption":"Projektib\u00fcroo"},"image":{"@id":"https:\/\/projektiburoo.ee\/#\/schema\/logo\/image\/"},"sameAs":["https:\/\/www.facebook.com\/projektiburoo\/","https:\/\/www.linkedin.com\/company\/projektiburoo\/"]}]}},"_links":{"self":[{"href":"https:\/\/projektiburoo.ee\/en\/wp-json\/wp\/v2\/pages\/7116","targetHints":{"allow":["GET"]}}],"collection":[{"href":"https:\/\/projektiburoo.ee\/en\/wp-json\/wp\/v2\/pages"}],"about":[{"href":"https:\/\/projektiburoo.ee\/en\/wp-json\/wp\/v2\/types\/page"}],"author":[{"embeddable":true,"href":"https:\/\/projektiburoo.ee\/en\/wp-json\/wp\/v2\/users\/4"}],"replies":[{"embeddable":true,"href":"https:\/\/projektiburoo.ee\/en\/wp-json\/wp\/v2\/comments?post=7116"}],"version-history":[{"count":14,"href":"https:\/\/projektiburoo.ee\/en\/wp-json\/wp\/v2\/pages\/7116\/revisions"}],"predecessor-version":[{"id":10316,"href":"https:\/\/projektiburoo.ee\/en\/wp-json\/wp\/v2\/pages\/7116\/revisions\/10316"}],"wp:attachment":[{"href":"https:\/\/projektiburoo.ee\/en\/wp-json\/wp\/v2\/media?parent=7116"}],"curies":[{"name":"wp","href":"https:\/\/api.w.org\/{rel}","templated":true}]}}